{"id":174,"date":"2024-05-13T15:09:24","date_gmt":"2024-05-13T15:09:24","guid":{"rendered":"http:\/\/pay360.it\/?page_id=174"},"modified":"2024-05-13T15:09:27","modified_gmt":"2024-05-13T15:09:27","slug":"privacy-policy-2","status":"publish","type":"page","link":"https:\/\/pay360.it\/?page_id=174","title":{"rendered":"Privacy policy"},"content":{"rendered":"\n<p>Data effettiva: 13\/05\/2024<\/p>\n\n\n\n<h5 class=\"wp-block-heading\">Titolare del trattamento dei dati<\/h5>\n\n\n\n<p>Questo sito web \u00e8 di propriet\u00e0 e gestito da LCK Italia Ground srl.<br>Viale Europa, 11 &#8211; 64026 Roseto degli Abruzzi (TE)<\/p>\n\n\n\n<h5 class=\"wp-block-heading\">Tipologie di Dati raccolti<\/h5>\n\n\n\n<ul class=\"wp-block-list\">\n<li>Cookie e strumenti di tracciamento;<\/li>\n\n\n\n<li>Nomi;<\/li>\n\n\n\n<li>Numeri di telefono;<\/li>\n\n\n\n<li>Indirizzi IP;<\/li>\n\n\n\n<li>Indirizzi email;<\/li>\n\n\n\n<li>Informazioni su browser e dispositivo;<\/li>\n\n\n\n<li>Identificatori univoci<\/li>\n<\/ul>\n\n\n\n<h5 class=\"wp-block-heading\">Modalit\u00e0 di trattamento<\/h5>\n\n\n\n<p>Il trattamento dati \u00e8 riservato, e verr\u00e0 utilizzato solo per marketing inerenti a pay360 e servizi associati<\/p>\n\n\n\n<h5 class=\"wp-block-heading\">Base giuridica del trattamento<\/h5>\n\n\n\n<p>I dati verranno autorizzati solo previo consenso<\/p>\n\n\n\n<h5 class=\"wp-block-heading\">Luogo del trattamento<\/h5>\n\n\n\n<p>I dati vengono utilizzati solo in Italia, non verranno divulgati.<\/p>\n\n\n\n<h5 class=\"wp-block-heading\">Periodo di conservazione<\/h5>\n\n\n\n<p><em>I dati vengono utilizzati solo previo consenso e solo fino alla disdetta di tale approvazione.<\/em><\/p>\n\n\n\n<h5 class=\"wp-block-heading\">Finalit\u00e0 del Trattamento dei Dati raccolti (inclusi i servizi di terza parte)<\/h5>\n\n\n\n<p><em>[Questa \u00e8 una sezione dettagliata che elenca tutti i servizi utilizzati sul tuo sito web (come Google Analytics o Stripe per esempio) e, per ognuno di essi, definisce le seguenti informazioni:<\/em><\/p>\n\n\n\n<ul class=\"wp-block-list\">\n<li>Cos\u2019\u00e8 il servizio:\u00a0<em>Google Analytics \u00e8 un servizio di analisi web fornito da Google Inc. Google utilizza i dati raccolti per tracciare ed esaminare l\u2019utilizzo di questo sito web, per redigere rapporti sulle sue attivit\u00e0 e per condividerli con altri servizi di Google.<\/em><\/li>\n\n\n\n<li>Scopo:\u00a0<em>Analisi<\/em><\/li>\n\n\n\n<li>Dati personali trattati dal servizio:\u00a0<em>Cookie, Dati di utilizzo<\/em><\/li>\n\n\n\n<li>Luogo di trattamento:\u00a0<em>Italia<\/em><\/li>\n<\/ul>\n\n\n\n<h5 class=\"wp-block-heading\">Diritti dell\u2019Utente<\/h5>\n\n\n\n<p><em>Gli utenti hanno diritto alla cancellazione dei propri dati inviando una email a info@pay360.it o annullando l&#8217;iscrizione da newsletter o comunicazione nel momento della ricezione, dove sar\u00e0 sempre presente un metodo per annullarle.<\/em><\/p>\n\n\n\n<h5 class=\"wp-block-heading\">Cookie Policy<\/h5>\n\n\n\n<p>Per la cookie policy si rimanda alla sezione dedicata nel men\u00f9<\/p>\n","protected":false},"excerpt":{"rendered":"<p>Data effettiva: 13\/05\/2024 Titolare del trattamento dei dati Questo sito web \u00e8 di propriet\u00e0 e gestito da LCK Italia Ground srl.Viale Europa, 11 &#8211; 64026 Roseto degli Abruzzi (TE) Tipologie di Dati raccolti Modalit\u00e0 di trattamento Il trattamento dati \u00e8 riservato, e verr\u00e0 utilizzato solo per marketing inerenti a pay360 e servizi associati Base giuridica [&hellip;]<\/p>\n","protected":false},"author":2,"featured_media":0,"parent":0,"menu_order":0,"comment_status":"closed","ping_status":"closed","template":"","meta":{"_et_pb_use_builder":"","_et_pb_old_content":"","_et_gb_content_width":"1080","footnotes":""},"class_list":["post-174","page","type-page","status-publish","hentry"],"_links":{"self":[{"href":"https:\/\/pay360.it\/index.php?rest_route=\/wp\/v2\/pages\/174"}],"collection":[{"href":"https:\/\/pay360.it\/index.php?rest_route=\/wp\/v2\/pages"}],"about":[{"href":"https:\/\/pay360.it\/index.php?rest_route=\/wp\/v2\/types\/page"}],"author":[{"embeddable":true,"href":"https:\/\/pay360.it\/index.php?rest_route=\/wp\/v2\/users\/2"}],"replies":[{"embeddable":true,"href":"https:\/\/pay360.it\/index.php?rest_route=%2Fwp%2Fv2%2Fcomments&post=174"}],"version-history":[{"count":1,"href":"https:\/\/pay360.it\/index.php?rest_route=\/wp\/v2\/pages\/174\/revisions"}],"predecessor-version":[{"id":175,"href":"https:\/\/pay360.it\/index.php?rest_route=\/wp\/v2\/pages\/174\/revisions\/175"}],"wp:attachment":[{"href":"https:\/\/pay360.it\/index.php?rest_route=%2Fwp%2Fv2%2Fmedia&parent=174"}],"curies":[{"name":"wp","href":"https:\/\/api.w.org\/{rel}","templated":true}]}}